{"id":17920,"date":"2023-03-03T11:02:59","date_gmt":"2023-03-03T10:02:59","guid":{"rendered":"https:\/\/ferrovent.com\/engedelyek\/"},"modified":"2023-04-06T18:57:12","modified_gmt":"2023-04-06T16:57:12","slug":"permits-and-licenses","status":"publish","type":"page","link":"https:\/\/ferrovent.com\/en\/permits-and-licenses\/","title":{"rendered":"Permits and licenses"},"content":{"rendered":"<div class=\"wpb-content-wrapper\"><p>[vc_row padding_top_multiplier=&#8221;3x&#8221; padding_bottom_multiplier=&#8221;&#8221;][vc_column]<style type=\"text\/css\">.grve-title-gradient.grve-title-69dec6061cb30 > span,.grve-title-gradient.grve-title-69dec6061cb30 .grve-clipping-content > span {color: #26a9e0;background-image: -moz-linear-gradient(-45deg, #26a9e0 0%, #26a9e0 100%);background-image: -webkit-linear-gradient(-45deg, #26a9e0 0%, #26a9e0 100%);background-image: linear-gradient(135deg, #26a9e0 0%, #26a9e0 100%);}<\/style><h2 class=\"grve-element grve-title grve-align-left grve-h2 grve-increase-heading grve-heading-160 grve-title-gradient grve-title-69dec6061cb30\" style=\"\"><span>Our efficient and transparent management system ensures high-quality services <span class=\"grve-title-line grve-bg-primary-2\" style=\"width: 50px;height: 2px;\"><\/span><\/span><\/h2><div class=\"grve-element grve-title grve-align-left grve-leader-text\" style=\"\"><span>Our company operates in accordance with the ISO 9001 quality management system accredited by CERT TAN\u00daS\u00cdT\u00d3 Zrt. In addition to meeting customer expectations, our goal is to operate a modern, transparent, and efficient management system that appropriately supports the processes related to our services.<\/span><\/div>[\/vc_column][\/vc_row][vc_row padding_top_multiplier=&#8221;3x&#8221; padding_bottom_multiplier=&#8221;6x&#8221;][vc_column]<style type=\"text\/css\">.grve-title-gradient.grve-title-69dec6061cba9 > span,.grve-title-gradient.grve-title-69dec6061cba9 .grve-clipping-content > span {color: #26a9e0;background-image: -moz-linear-gradient(-45deg, #26a9e0 0%, #26a9e0 100%);background-image: -webkit-linear-gradient(-45deg, #26a9e0 0%, #26a9e0 100%);background-image: linear-gradient(135deg, #26a9e0 0%, #26a9e0 100%);}<\/style><h2 class=\"grve-element grve-title grve-align-left grve-h2 grve-increase-heading grve-heading-160 grve-title-gradient grve-title-69dec6061cba9\" style=\"margin-bottom: 50px;\"><span>2023<\/span><\/h2><div class=\"grve-element grve-box-icon grve-extra-small grve-side-icon grve-align-left grve-hover-effect grve-with-shape\" style=\"\"><a href=\"https:\/\/ferrovent.com\/wp-content\/uploads\/2023\/03\/ISO-9001-2015-TANUSITVANY-FERROVENT-Kft.pdf\"><div class=\"grve-wrapper-icon grve-simple grve-circle grve-bg-primary-1\" style=\"\"><i class=\"grve-text-white far fa-file-pdf\"><\/i><\/div><div class=\"grve-box-content\"><div class=\"grve-box-title-wrapper\"><h3 class=\"grve-box-title grve-h3\">MSZ EN ISO 9001:2015 Certificate <\/h3><\/div><\/div><\/a><\/div><div class=\"grve-element grve-divider\" style=\"padding-top: 20px;padding-bottom: 20px;\"><div class=\"grve-line-divider grve-border\"><\/div><\/div><div class=\"grve-element grve-box-icon grve-extra-small grve-side-icon grve-align-left grve-hover-effect grve-with-shape\" style=\"\"><a href=\"https:\/\/ferrovent.com\/wp-content\/uploads\/2023\/03\/Minosegiranyitasi-politika-FERROVENT-Kft-2022.pdf\"><div class=\"grve-wrapper-icon grve-simple grve-circle grve-bg-primary-1\" style=\"\"><i class=\"grve-text-white far fa-file-pdf\"><\/i><\/div><div class=\"grve-box-content\"><div class=\"grve-box-title-wrapper\"><h3 class=\"grve-box-title grve-h3\">05.02.SD.01. Quality management policy <\/h3><\/div><\/div><\/a><\/div><div class=\"grve-element grve-divider\" style=\"padding-top: 20px;padding-bottom: 20px;\"><div class=\"grve-line-divider grve-border\"><\/div><\/div><div class=\"grve-element grve-box-icon grve-extra-small grve-side-icon grve-align-left grve-hover-effect grve-with-shape\" style=\"\"><a href=\"https:\/\/ferrovent.com\/wp-content\/uploads\/2023\/03\/Femkereskedelmi_engedely_2022.pdf\"><div class=\"grve-wrapper-icon grve-simple grve-circle grve-bg-primary-1\" style=\"\"><i class=\"grve-text-white far fa-file-pdf\"><\/i><\/div><div class=\"grve-box-content\"><div class=\"grve-box-title-wrapper\"><h3 class=\"grve-box-title grve-h3\">Metal trading license <\/h3><\/div><\/div><\/a><\/div><div class=\"grve-element grve-divider\" style=\"padding-top: 20px;padding-bottom: 20px;\"><div class=\"grve-line-divider grve-border\"><\/div><\/div><div class=\"grve-element grve-box-icon grve-extra-small grve-side-icon grve-align-left grve-hover-effect grve-with-shape\" style=\"\"><a href=\"https:\/\/ferrovent.com\/wp-content\/uploads\/2023\/03\/Femkereskedelmi_engedely_Betetlap_2022.pdf\"><div class=\"grve-wrapper-icon grve-simple grve-circle grve-bg-primary-1\" style=\"\"><i class=\"grve-text-white far fa-file-pdf\"><\/i><\/div><div class=\"grve-box-content\"><div class=\"grve-box-title-wrapper\"><h3 class=\"grve-box-title grve-h3\">Deposit sheet for metal trading license <\/h3><\/div><\/div><\/a><\/div><div class=\"grve-element grve-divider\" style=\"padding-top: 20px;padding-bottom: 20px;\"><div class=\"grve-line-divider grve-border\"><\/div><\/div><div class=\"grve-element grve-box-icon grve-extra-small grve-side-icon grve-align-left grve-hover-effect grve-with-shape\" style=\"\"><a href=\"https:\/\/go.nonstopagent.com\/wp-content\/uploads\/2023\/03\/PE_KTFO_03487_2_2020.pdf\"><div class=\"grve-wrapper-icon grve-simple grve-circle grve-bg-primary-1\" style=\"\"><i class=\"grve-text-white far fa-file-pdf\"><\/i><\/div><div class=\"grve-box-content\"><div class=\"grve-box-title-wrapper\"><h3 class=\"grve-box-title grve-h3\">Registration decision <\/h3><\/div><\/div><\/a><\/div><div class=\"grve-element grve-divider\" style=\"padding-top: 20px;padding-bottom: 20px;\"><div class=\"grve-line-divider grve-border\"><\/div><\/div><div class=\"grve-element grve-box-icon grve-extra-small grve-side-icon grve-align-left grve-hover-effect grve-with-shape\" style=\"\"><a href=\"https:\/\/ferrovent.com\/wp-content\/uploads\/2023\/03\/PE_KTFO_00144_2_2021.pdf\"><div class=\"grve-wrapper-icon grve-simple grve-circle grve-bg-primary-1\" style=\"\"><i class=\"grve-text-white far fa-file-pdf\"><\/i><\/div><div class=\"grve-box-content\"><div class=\"grve-box-title-wrapper\"><h3 class=\"grve-box-title grve-h3\">Nyvh. kieg\u00e9sz\u00edt\u00e9s<\/h3><\/div><\/div><\/a><\/div><div class=\"grve-element grve-divider\" style=\"padding-top: 20px;padding-bottom: 20px;\"><div class=\"grve-line-divider grve-border\"><\/div><\/div><div class=\"grve-element grve-box-icon grve-extra-small grve-side-icon grve-align-left grve-hover-effect grve-with-shape\" style=\"\"><a href=\"https:\/\/ferrovent.com\/wp-content\/uploads\/2023\/03\/PE_KTFO_01979_2_2022_KuruncziM..KTJ_.pdf\"><div class=\"grve-wrapper-icon grve-simple grve-circle grve-bg-primary-1\" style=\"\"><i class=\"grve-text-white far fa-file-pdf\"><\/i><\/div><div class=\"grve-box-content\"><div class=\"grve-box-title-wrapper\"><h3 class=\"grve-box-title grve-h3\">KTJ number<\/h3><\/div><\/div><\/a><\/div><div class=\"grve-element grve-divider\" style=\"padding-top: 20px;padding-bottom: 20px;\"><div class=\"grve-line-divider grve-border\"><\/div><\/div><div class=\"grve-element grve-box-icon grve-extra-small grve-side-icon grve-align-left grve-hover-effect grve-with-shape\" style=\"\"><a href=\"https:\/\/ferrovent.com\/wp-content\/uploads\/2023\/03\/2021_hulladek_szallitasi_engedely.pdf\"><div class=\"grve-wrapper-icon grve-simple grve-circle grve-bg-primary-1\" style=\"\"><i class=\"grve-text-white far fa-file-pdf\"><\/i><\/div><div class=\"grve-box-content\"><div class=\"grve-box-title-wrapper\"><h3 class=\"grve-box-title grve-h3\">Waste transport permit <\/h3><\/div><\/div><\/a><\/div><div class=\"grve-element grve-divider\" style=\"padding-top: 20px;padding-bottom: 20px;\"><div class=\"grve-line-divider grve-border\"><\/div><\/div><div class=\"grve-element grve-box-icon grve-extra-small grve-side-icon grve-align-left grve-hover-effect grve-with-shape\" style=\"\"><a href=\"https:\/\/ferrovent.com\/wp-content\/uploads\/2023\/03\/PE_KTFO_03030_19_202_hulladek_szallitasi_engedely_kiegeszites.pdf\"><div class=\"grve-wrapper-icon grve-simple grve-circle grve-bg-primary-1\" style=\"\"><i class=\"grve-text-white far fa-file-pdf\"><\/i><\/div><div class=\"grve-box-content\"><div class=\"grve-box-title-wrapper\"><h3 class=\"grve-box-title grve-h3\">Waste transport permit supplement<\/h3><\/div><\/div><\/a><\/div><div class=\"grve-element grve-divider\" style=\"padding-top: 20px;padding-bottom: 20px;\"><div class=\"grve-line-divider grve-border\"><\/div><\/div>[\/vc_column][\/vc_row]<\/p>\n<\/div>","protected":false},"excerpt":{"rendered":"<p>[vc_row padding_top_multiplier=&#8221;3x&#8221; padding_bottom_multiplier=&#8221;&#8221;][vc_column][\/vc_column][\/vc_row][vc_row padding_top_multiplier=&#8221;3x&#8221; padding_bottom_multiplier=&#8221;6x&#8221;][vc_column][\/vc_column][\/vc_row]<\/p>\n","protected":false},"author":4,"featured_media":0,"parent":0,"menu_order":0,"comment_status":"closed","ping_status":"closed","template":"","meta":{"footnotes":""},"class_list":["post-17920","page","type-page","status-publish","hentry"],"_links":{"self":[{"href":"https:\/\/ferrovent.com\/en\/wp-json\/wp\/v2\/pages\/17920","targetHints":{"allow":["GET"]}}],"collection":[{"href":"https:\/\/ferrovent.com\/en\/wp-json\/wp\/v2\/pages"}],"about":[{"href":"https:\/\/ferrovent.com\/en\/wp-json\/wp\/v2\/types\/page"}],"author":[{"embeddable":true,"href":"https:\/\/ferrovent.com\/en\/wp-json\/wp\/v2\/users\/4"}],"replies":[{"embeddable":true,"href":"https:\/\/ferrovent.com\/en\/wp-json\/wp\/v2\/comments?post=17920"}],"version-history":[{"count":5,"href":"https:\/\/ferrovent.com\/en\/wp-json\/wp\/v2\/pages\/17920\/revisions"}],"predecessor-version":[{"id":17959,"href":"https:\/\/ferrovent.com\/en\/wp-json\/wp\/v2\/pages\/17920\/revisions\/17959"}],"wp:attachment":[{"href":"https:\/\/ferrovent.com\/en\/wp-json\/wp\/v2\/media?parent=17920"}],"curies":[{"name":"wp","href":"https:\/\/api.w.org\/{rel}","templated":true}]}}