{"id":17918,"date":"2023-03-01T05:20:10","date_gmt":"2023-03-01T04:20:10","guid":{"rendered":"https:\/\/ferrovent.com\/kapcsolat\/"},"modified":"2023-04-06T17:41:26","modified_gmt":"2023-04-06T15:41:26","slug":"contact","status":"publish","type":"page","link":"https:\/\/ferrovent.com\/en\/contact\/","title":{"rendered":"Contact"},"content":{"rendered":"<div class=\"wpb-content-wrapper\"><p>[vc_row padding_top_multiplier=&#8221;3x&#8221;][vc_column width=&#8221;1\/4&#8243;][\/vc_column][vc_column width=&#8221;1\/2&#8243;]<style type=\"text\/css\">.grve-title-gradient.grve-title-69e349179918c > span,.grve-title-gradient.grve-title-69e349179918c .grve-clipping-content > span {color: #26a9e0;background-image: -moz-linear-gradient(-45deg, #26a9e0 0%, #26a9e0 100%);background-image: -webkit-linear-gradient(-45deg, #26a9e0 0%, #26a9e0 100%);background-image: linear-gradient(135deg, #26a9e0 0%, #26a9e0 100%);}<\/style><h2 class=\"grve-element grve-title grve-align-left grve-h2 grve-increase-heading grve-heading-200 grve-title-gradient grve-title-69e349179918c\" style=\"\"><span>CONTACT US! <\/span><\/h2><div class=\"grve-element grve-title grve-align-left grve-h4\" style=\"margin-bottom: 40px;\"><span>We are happy to assist you with any waste management project. Whether it&#8217;s about waste disposal, sales, processing, our company is at your service. <\/span><\/div><h5 class=\"grve-element grve-title grve-align-left grve-h5\" style=\"\"><span>Contact us today!<\/span><\/h5>[\/vc_column][vc_column width=&#8221;1\/4&#8243;][\/vc_column][\/vc_row][vc_row padding_top_multiplier=&#8221;2x&#8221; padding_bottom_multiplier=&#8221;&#8221; parallax_sensor=&#8221;350&#8243;][vc_column width=&#8221;1\/3&#8243; heading_color=&#8221;light&#8221; text_align=&#8221;center&#8221; shadow=&#8221;medium&#8221; el_wrapper_class=&#8221;grve-drop-shadow&#8221; css=&#8221;.vc_custom_1677837105473{padding-top: 60px !important;padding-right: 30px !important;padding-bottom: 60px !important;padding-left: 30px !important;background-color: #26a9e0 !important;border-radius: 5px !important;}&#8221; font_color=&#8221;#ffffff&#8221;]<div class=\"grve-element grve-box-icon grve-large grve-top-icon grve-align-center grve-with-shape\" style=\"\"><div class=\"grve-wrapper-icon grve-outline grve-circle grve-text-white\" style=\"\"><i class=\"grve-text-white et-icon-map\"><\/i><\/div><div class=\"grve-box-content\"><div class=\"grve-box-title-wrapper\"><h3 class=\"grve-box-title grve-h3\">Site address<\/h3><\/div>  <p class=\"grve-leader-text\">7673 P\u00e9cs \u2013 Cserk\u00fat, Batv\u00f6lgyi \u00fat 2.<\/p><\/div><\/div><div class=\"grve-empty-space grve-height-1x\" style=\"\"><\/div>[\/vc_column][vc_column width=&#8221;1\/3&#8243; heading_color=&#8221;light&#8221; text_align=&#8221;center&#8221; shadow=&#8221;medium&#8221; css=&#8221;.vc_custom_1677837111469{padding-top: 60px !important;padding-right: 30px !important;padding-bottom: 60px !important;padding-left: 30px !important;background-color: #26a9e0 !important;border-radius: 5px !important;}&#8221; font_color=&#8221;#ffffff&#8221;]<div class=\"grve-element grve-box-icon grve-large grve-top-icon grve-align-center grve-with-shape\" style=\"\"><a href=\"tel:+36205979207\"><div class=\"grve-wrapper-icon grve-outline grve-circle grve-text-white\" style=\"\"><i class=\"grve-text-white et-icon-phone\"><\/i><\/div><div class=\"grve-box-content\"><div class=\"grve-box-title-wrapper\"><h3 class=\"grve-box-title grve-h3\">Phone<\/h3><\/div>  <p class=\"grve-leader-text\">+36 20 597 92 07<\/p><\/div><\/a><\/div><div class=\"grve-empty-space grve-height-1x\" style=\"\"><\/div>[\/vc_column][vc_column width=&#8221;1\/3&#8243; heading_color=&#8221;light&#8221; text_align=&#8221;center&#8221; shadow=&#8221;medium&#8221; css=&#8221;.vc_custom_1677837119419{padding-top: 60px !important;padding-right: 30px !important;padding-bottom: 60px !important;padding-left: 30px !important;background-color: #26a9e0 !important;border-radius: 5px !important;}&#8221; font_color=&#8221;#ffffff&#8221;]<div class=\"grve-element grve-box-icon grve-large grve-top-icon grve-align-center grve-with-shape\" style=\"\"><a href=\"mailto:info@ferrovent.com\"><div class=\"grve-wrapper-icon grve-outline grve-circle grve-text-white\" style=\"\"><i class=\"grve-text-white et-icon-envelope\"><\/i><\/div><div class=\"grve-box-content\"><div class=\"grve-box-title-wrapper\"><h3 class=\"grve-box-title grve-h3\">Email<\/h3><\/div>  <p class=\"grve-leader-text\">info@ferrovent.com<\/p><\/div><\/a><\/div><div class=\"grve-empty-space grve-height-1x\" style=\"\"><\/div>[\/vc_column][vc_column]<div class=\"grve-empty-space grve-height-4x\" style=\"\"><\/div>[\/vc_column][\/vc_row][vc_row bg_type=&#8221;image&#8221; bg_image=&#8221;16673&#8243; bg_image_type=&#8221;parallax&#8221; padding_top_multiplier=&#8221;&#8221;][vc_column][vc_row_inner css=&#8221;.vc_custom_1678279793900{padding-top: 60px !important;padding-right: 30px !important;padding-bottom: 60px !important;padding-left: 30px !important;background-color: #ffffff !important;}&#8221;][vc_column_inner width=&#8221;1\/2&#8243; css=&#8221;.vc_custom_1678280227711{margin-bottom: 40px !important;}&#8221;]<div class=\"grve-map-wrapper\"><div class=\"grve-element grve-map\" data-lat=\"46.0625075\" data-lng=\"18.136139\" data-zoom=\"14\" data-disable-style=\"yes\" style=\"height: 685px;\"><\/div>  <div style=\"display:none\" class=\"grve-map-point\" data-point-marker=\"\/\/ferrovent.com\/wp-content\/themes\/movedo\/images\/markers\/markers.png\" data-point-lat=\"46.0625075\" data-point-lng=\"18.136139\" data-point-title=\"\" data-point-type=\"image\" data-point-marker-width=\"38\" data-point-marker-height=\"60\"><\/div><\/div>[\/vc_column_inner][vc_column_inner width=&#8221;1\/2&#8243;]<h2 class=\"grve-element grve-title grve-align-left grve-h2 grve-increase-heading grve-heading-140\" style=\"\"><span>Contact Us here!<\/span><\/h2><div class=\"grve-empty-space grve-height-1x\" style=\"\"><\/div>\n<div class=\"wpcf7 no-js\" id=\"wpcf7-f17974-o1\" lang=\"en-US\" dir=\"ltr\">\n<div class=\"screen-reader-response\"><p role=\"status\" aria-live=\"polite\" aria-atomic=\"true\"><\/p> <ul><\/ul><\/div>\n<form action=\"\/en\/wp-json\/wp\/v2\/pages\/17918#wpcf7-f17974-o1\" method=\"post\" class=\"wpcf7-form init\" aria-label=\"Contact form\" novalidate=\"novalidate\" data-status=\"init\">\n<div style=\"display: none;\">\n<input type=\"hidden\" name=\"_wpcf7\" value=\"17974\" \/>\n<input type=\"hidden\" name=\"_wpcf7_version\" value=\"5.9.3\" \/>\n<input type=\"hidden\" name=\"_wpcf7_locale\" value=\"en_US\" \/>\n<input type=\"hidden\" name=\"_wpcf7_unit_tag\" value=\"wpcf7-f17974-o1\" \/>\n<input type=\"hidden\" name=\"_wpcf7_container_post\" value=\"0\" \/>\n<input type=\"hidden\" name=\"_wpcf7_posted_data_hash\" value=\"\" \/>\n<input type=\"hidden\" name=\"_wpcf7_recaptcha_response\" value=\"\" \/>\n<\/div>\n<div class=\"grve-form grve-underline\">\n<div class=\"grve-fields-wrapper\">\n<div><span class=\"wpcf7-form-control-wrap\" data-name=\"your-name\"><input size=\"40\" class=\"wpcf7-form-control wpcf7-text wpcf7-validates-as-required\" aria-required=\"true\" aria-invalid=\"false\" placeholder=\"Enter your name\/company name (Required)\" value=\"\" type=\"text\" name=\"your-name\" \/><\/span><\/div>\n<div><span class=\"wpcf7-form-control-wrap\" data-name=\"your-email\"><input size=\"40\" class=\"wpcf7-form-control wpcf7-email wpcf7-validates-as-required wpcf7-text wpcf7-validates-as-email\" aria-required=\"true\" aria-invalid=\"false\" placeholder=\"Enter your email address (Required)\" value=\"\" type=\"email\" name=\"your-email\" \/><\/span><\/div>\n<div><span class=\"wpcf7-form-control-wrap\" data-name=\"your-phone\"><input size=\"40\" class=\"wpcf7-form-control wpcf7-tel wpcf7-validates-as-required wpcf7-text wpcf7-validates-as-tel\" aria-required=\"true\" aria-invalid=\"false\" placeholder=\"Enter your phone number (Required)\" value=\"\" type=\"tel\" name=\"your-phone\" \/><\/span><\/div>\n<div><span class=\"wpcf7-form-control-wrap\" data-name=\"your-subject\"><input size=\"40\" class=\"wpcf7-form-control wpcf7-text\" aria-invalid=\"false\" placeholder=\"Subject of your message\" value=\"\" type=\"text\" name=\"your-subject\" \/><\/span><\/div>\n<div><span class=\"wpcf7-form-control-wrap\" data-name=\"your-message\"><textarea cols=\"40\" rows=\"10\" class=\"wpcf7-form-control wpcf7-textarea\" aria-invalid=\"false\" placeholder=\"Describe your question, request, or message...\" name=\"your-message\"><\/textarea><\/span><\/div>\n<div class=\"grve-align-center\"><input class=\"wpcf7-form-control wpcf7-submit has-spinner\" type=\"submit\" value=\"Send Message\" \/><\/div>\n<div class=\"contact-form-gdpr\">\n<span class=\"wpcf7-form-control-wrap\" data-name=\"GDPR-01\"><span class=\"wpcf7-form-control wpcf7-acceptance\"><span class=\"wpcf7-list-item\"><label><input type=\"checkbox\" name=\"GDPR-01\" value=\"1\" aria-invalid=\"false\" \/><span class=\"wpcf7-list-item-label\">I have read and accept the <a href=\"https:\/\/ferrovent.com\/privacy-policy\/\">privacy policy<\/a>.<\/span><\/label><\/span><\/span><\/span>\n<\/div>\n<\/div>\n<\/div><div class=\"wpcf7-response-output\" aria-hidden=\"true\"><\/div>\n<\/form>\n<\/div>\n[\/vc_column_inner][\/vc_row_inner][\/vc_column][\/vc_row]<\/p>\n<\/div>","protected":false},"excerpt":{"rendered":"<p>[vc_row padding_top_multiplier=&#8221;3x&#8221;][vc_column width=&#8221;1\/4&#8243;][\/vc_column][vc_column width=&#8221;1\/2&#8243;][\/vc_column][vc_column width=&#8221;1\/4&#8243;][\/vc_column][\/vc_row][vc_row padding_top_multiplier=&#8221;2x&#8221; padding_bottom_multiplier=&#8221;&#8221; parallax_sensor=&#8221;350&#8243;][vc_column width=&#8221;1\/3&#8243; heading_color=&#8221;light&#8221; text_align=&#8221;center&#8221; shadow=&#8221;medium&#8221; el_wrapper_class=&#8221;grve-drop-shadow&#8221; css=&#8221;.vc_custom_1677837105473{padding-top: 60px !important;padding-right: 30px !important;padding-bottom: 60px !important;padding-left: 30px !important;background-color: #26a9e0 !important;border-radius: 5px !important;}&#8221; font_color=&#8221;#ffffff&#8221;][\/vc_column][vc_column width=&#8221;1\/3&#8243; heading_color=&#8221;light&#8221; text_align=&#8221;center&#8221; shadow=&#8221;medium&#8221; css=&#8221;.vc_custom_1677837111469{padding-top: 60px !important;padding-right: 30px !important;padding-bottom: 60px !important;padding-left: 30px !important;background-color: #26a9e0 !important;border-radius: 5px !important;}&#8221; font_color=&#8221;#ffffff&#8221;][\/vc_column][vc_column width=&#8221;1\/3&#8243; heading_color=&#8221;light&#8221; text_align=&#8221;center&#8221; shadow=&#8221;medium&#8221; css=&#8221;.vc_custom_1677837119419{padding-top: 60px !important;padding-right: 30px !important;padding-bottom: 60px [&hellip;]<\/p>\n","protected":false},"author":4,"featured_media":0,"parent":0,"menu_order":0,"comment_status":"closed","ping_status":"closed","template":"","meta":{"footnotes":""},"class_list":["post-17918","page","type-page","status-publish","hentry"],"_links":{"self":[{"href":"https:\/\/ferrovent.com\/en\/wp-json\/wp\/v2\/pages\/17918","targetHints":{"allow":["GET"]}}],"collection":[{"href":"https:\/\/ferrovent.com\/en\/wp-json\/wp\/v2\/pages"}],"about":[{"href":"https:\/\/ferrovent.com\/en\/wp-json\/wp\/v2\/types\/page"}],"author":[{"embeddable":true,"href":"https:\/\/ferrovent.com\/en\/wp-json\/wp\/v2\/users\/4"}],"replies":[{"embeddable":true,"href":"https:\/\/ferrovent.com\/en\/wp-json\/wp\/v2\/comments?post=17918"}],"version-history":[{"count":4,"href":"https:\/\/ferrovent.com\/en\/wp-json\/wp\/v2\/pages\/17918\/revisions"}],"predecessor-version":[{"id":17937,"href":"https:\/\/ferrovent.com\/en\/wp-json\/wp\/v2\/pages\/17918\/revisions\/17937"}],"wp:attachment":[{"href":"https:\/\/ferrovent.com\/en\/wp-json\/wp\/v2\/media?parent=17918"}],"curies":[{"name":"wp","href":"https:\/\/api.w.org\/{rel}","templated":true}]}}